{"id":68,"date":"2019-09-12T14:25:41","date_gmt":"2019-09-12T12:25:41","guid":{"rendered":"https:\/\/vamor.hu\/en\/?page_id=68"},"modified":"2022-09-26T20:28:51","modified_gmt":"2022-09-26T18:28:51","slug":"friss-hirek","status":"publish","type":"page","link":"https:\/\/vamor.hu\/en\/friss-hirek\/","title":{"rendered":"Friss h\u00edrek"},"content":{"rendered":"\t\t<div data-elementor-type=\"wp-page\" data-elementor-id=\"68\" class=\"elementor elementor-68\" data-elementor-post-type=\"page\">\n\t\t\t\t\t\t<section class=\"elementor-section elementor-top-section elementor-element elementor-element-23d20b3 elementor-section-boxed elementor-section-height-default elementor-section-height-default\" data-id=\"23d20b3\" data-element_type=\"section\" data-settings=\"{&quot;background_background&quot;:&quot;classic&quot;}\">\n\t\t\t\t\t\t<div class=\"elementor-container elementor-column-gap-default\">\n\t\t\t\t\t<div class=\"elementor-column elementor-col-100 elementor-top-column elementor-element elementor-element-ee12471\" data-id=\"ee12471\" data-element_type=\"column\">\n\t\t\t<div class=\"elementor-widget-wrap elementor-element-populated\">\n\t\t\t\t\t\t<div class=\"elementor-element elementor-element-2b2df9c elementor-widget elementor-widget-heading\" data-id=\"2b2df9c\" data-element_type=\"widget\" data-widget_type=\"heading.default\">\n\t\t\t\t<div class=\"elementor-widget-container\">\n\t\t\t\t\t<h2 class=\"elementor-heading-title elementor-size-default\">News<\/h2>\t\t\t\t<\/div>\n\t\t\t\t<\/div>\n\t\t\t\t\t<\/div>\n\t\t<\/div>\n\t\t\t\t\t<\/div>\n\t\t<\/section>\n\t\t\t\t<section class=\"elementor-section elementor-top-section elementor-element elementor-element-3a5a7a2 elementor-section-boxed elementor-section-height-default elementor-section-height-default\" data-id=\"3a5a7a2\" data-element_type=\"section\">\n\t\t\t\t\t\t<div class=\"elementor-container elementor-column-gap-default\">\n\t\t\t\t\t<div class=\"elementor-column elementor-col-100 elementor-top-column elementor-element elementor-element-b6908a5\" data-id=\"b6908a5\" data-element_type=\"column\">\n\t\t\t<div class=\"elementor-widget-wrap elementor-element-populated\">\n\t\t\t\t\t\t<div class=\"elementor-element elementor-element-1109733 elementor-widget elementor-widget-spacer\" data-id=\"1109733\" data-element_type=\"widget\" data-widget_type=\"spacer.default\">\n\t\t\t\t<div class=\"elementor-widget-container\">\n\t\t\t\t\t\t\t<div class=\"elementor-spacer\">\n\t\t\t<div class=\"elementor-spacer-inner\"><\/div>\n\t\t<\/div>\n\t\t\t\t\t\t<\/div>\n\t\t\t\t<\/div>\n\t\t\t\t\t<\/div>\n\t\t<\/div>\n\t\t\t\t\t<\/div>\n\t\t<\/section>\n\t\t\t\t<section class=\"elementor-section elementor-top-section elementor-element elementor-element-b614d0e elementor-section-boxed elementor-section-height-default elementor-section-height-default\" data-id=\"b614d0e\" data-element_type=\"section\">\n\t\t\t\t\t\t<div class=\"elementor-container elementor-column-gap-default\">\n\t\t\t\t\t<div class=\"elementor-column elementor-col-100 elementor-top-column elementor-element elementor-element-20acd96\" data-id=\"20acd96\" data-element_type=\"column\">\n\t\t\t<div class=\"elementor-widget-wrap elementor-element-populated\">\n\t\t\t\t\t\t<div class=\"elementor-element elementor-element-e3889a8 elementor-grid-3 elementor-grid-tablet-2 elementor-grid-mobile-1 elementor-posts--thumbnail-top elementor-posts--show-avatar elementor-card-shadow-yes elementor-posts__hover-gradient elementor-widget elementor-widget-posts\" data-id=\"e3889a8\" data-element_type=\"widget\" data-settings=\"{&quot;cards_columns&quot;:&quot;3&quot;,&quot;cards_columns_tablet&quot;:&quot;2&quot;,&quot;cards_columns_mobile&quot;:&quot;1&quot;,&quot;cards_row_gap&quot;:{&quot;unit&quot;:&quot;px&quot;,&quot;size&quot;:35,&quot;sizes&quot;:[]},&quot;cards_row_gap_tablet&quot;:{&quot;unit&quot;:&quot;px&quot;,&quot;size&quot;:&quot;&quot;,&quot;sizes&quot;:[]},&quot;cards_row_gap_mobile&quot;:{&quot;unit&quot;:&quot;px&quot;,&quot;size&quot;:&quot;&quot;,&quot;sizes&quot;:[]}}\" data-widget_type=\"posts.cards\">\n\t\t\t\t<div class=\"elementor-widget-container\">\n\t\t\t\t\t\t\t<div class=\"elementor-posts-container elementor-posts elementor-posts--skin-cards elementor-grid\">\n\t\t\t\t<article class=\"elementor-post elementor-grid-item post-4425 post type-post status-publish format-standard has-post-thumbnail hentry category-egyeb\">\n\t\t\t<div class=\"elementor-post__card\">\n\t\t\t\t<a class=\"elementor-post__thumbnail__link\" href=\"https:\/\/vamor.hu\/en\/the-conformation-of-energy-import-export-in-hungary\/\" tabindex=\"-1\" ><div class=\"elementor-post__thumbnail\"><img fetchpriority=\"high\" decoding=\"async\" width=\"300\" height=\"184\" src=\"https:\/\/vamor.hu\/en\/wp-content\/uploads\/2022\/09\/FGSZ-300x184.jpg\" class=\"attachment-medium size-medium wp-image-4420\" alt=\"\" srcset=\"https:\/\/vamor.hu\/en\/wp-content\/uploads\/2022\/09\/FGSZ-300x184.jpg 300w, https:\/\/vamor.hu\/en\/wp-content\/uploads\/2022\/09\/FGSZ-1024x628.jpg 1024w, https:\/\/vamor.hu\/en\/wp-content\/uploads\/2022\/09\/FGSZ-768x471.jpg 768w, https:\/\/vamor.hu\/en\/wp-content\/uploads\/2022\/09\/FGSZ.jpg 1234w\" sizes=\"(max-width: 300px) 100vw, 300px\" \/><\/div><\/a>\n\t\t\t\t<div class=\"elementor-post__badge\">Egy\u00e9b kateg\u00f3ria<\/div>\n\t\t\t\t<div class=\"elementor-post__avatar\">\n\t\t\t<img alt='Vamor' src='https:\/\/secure.gravatar.com\/avatar\/147fdbfc69ba9a6c38020c16027f5698?s=128&#038;d=mm&#038;r=g' srcset='https:\/\/secure.gravatar.com\/avatar\/147fdbfc69ba9a6c38020c16027f5698?s=256&#038;d=mm&#038;r=g 2x' class='avatar avatar-128 photo' height='128' width='128' \/>\t\t<\/div>\n\t\t\t\t<div class=\"elementor-post__text\">\n\t\t\t\t<h3 class=\"elementor-post__title\">\n\t\t\t<a href=\"https:\/\/vamor.hu\/en\/the-conformation-of-energy-import-export-in-hungary\/\" >\n\t\t\t\tThe conformation of energy import\/export in Hungary\t\t\t<\/a>\n\t\t<\/h3>\n\t\t\t\t<div class=\"elementor-post__excerpt\">\n\t\t\t<p>After the dropping in the last periods of time it can be felt again there is an increase regarding the quantities coming into Hungary. In<\/p>\n\t\t<\/div>\n\t\t\n\t\t<a class=\"elementor-post__read-more\" href=\"https:\/\/vamor.hu\/en\/the-conformation-of-energy-import-export-in-hungary\/\" aria-label=\"Read more about The conformation of energy import\/export in Hungary\" tabindex=\"-1\" >\n\t\t\tRead more.....\t\t<\/a>\n\n\t\t\t\t<\/div>\n\t\t\t\t<div class=\"elementor-post__meta-data\">\n\t\t\t\t\t<span class=\"elementor-post-date\">\n\t\t\t2022.09.27.\t\t<\/span>\n\t\t\t\t<span class=\"elementor-post-avatar\">\n\t\t\tNincs hozz\u00e1sz\u00f3l\u00e1s\t\t<\/span>\n\t\t\t\t<\/div>\n\t\t\t\t\t<\/div>\n\t\t<\/article>\n\t\t\t\t<article class=\"elementor-post elementor-grid-item post-3993 post type-post status-publish format-standard hentry category-egyeb\">\n\t\t\t<div class=\"elementor-post__card\">\n\t\t\t\t<div class=\"elementor-post__text\">\n\t\t\t\t<h3 class=\"elementor-post__title\">\n\t\t\t<a href=\"https:\/\/vamor.hu\/en\/jogszabalyvaltozas-2019-junius-2\/\" >\n\t\t\t\tJogszab\u00e1lyv\u00e1ltoz\u00e1s 2019. j\u00fanius\t\t\t<\/a>\n\t\t<\/h3>\n\t\t\t\t<div class=\"elementor-post__excerpt\">\n\t\t\t<p>T\u00e1j\u00e9koztatom, hogy v\u00e1mjoggal, j\u00f6ved\u00e9kkel, k\u00f6rnyezet-, munka-, t\u0171zv\u00e9delemmel, hullad\u00e9kgazd\u00e1lkod\u00e1ssal \u00e9s k\u00f6rnyezetv\u00e9delmi term\u00e9kd\u00edjjal kapcsolatban az al\u00e1bbi jogszab\u00e1lyok l\u00e9ptek \u00e9letbe, vagy m\u00f3dosultak 2019. j\u00fanius 01-t\u0151l 2019. j\u00fanius 30-ig.<\/p>\n\t\t<\/div>\n\t\t\n\t\t<a class=\"elementor-post__read-more\" href=\"https:\/\/vamor.hu\/en\/jogszabalyvaltozas-2019-junius-2\/\" aria-label=\"Read more about Jogszab\u00e1lyv\u00e1ltoz\u00e1s 2019. j\u00fanius\" tabindex=\"-1\" >\n\t\t\tRead more.....\t\t<\/a>\n\n\t\t\t\t<\/div>\n\t\t\t\t<div class=\"elementor-post__meta-data\">\n\t\t\t\t\t<span class=\"elementor-post-date\">\n\t\t\t2019.07.24.\t\t<\/span>\n\t\t\t\t<span class=\"elementor-post-avatar\">\n\t\t\tNincs hozz\u00e1sz\u00f3l\u00e1s\t\t<\/span>\n\t\t\t\t<\/div>\n\t\t\t\t\t<\/div>\n\t\t<\/article>\n\t\t\t\t<article class=\"elementor-post elementor-grid-item post-3991 post type-post status-publish format-standard hentry category-egyeb\">\n\t\t\t<div class=\"elementor-post__card\">\n\t\t\t\t<div class=\"elementor-post__text\">\n\t\t\t\t<h3 class=\"elementor-post__title\">\n\t\t\t<a href=\"https:\/\/vamor.hu\/en\/jogszabalyvaltozas-2019-februar-2-2-2\/\" >\n\t\t\t\tJogszab\u00e1lyv\u00e1ltoz\u00e1s 2019. m\u00e1jus\t\t\t<\/a>\n\t\t<\/h3>\n\t\t\t\t<div class=\"elementor-post__excerpt\">\n\t\t\t<p>T\u00e1j\u00e9koztatom, hogy v\u00e1mjoggal, j\u00f6ved\u00e9kkel, k\u00f6rnyezet-, munka-, t\u0171zv\u00e9delemmel, hullad\u00e9kgazd\u00e1lkod\u00e1ssal \u00e9s k\u00f6rnyezetv\u00e9delmi term\u00e9kd\u00edjjal kapcsolatban az al\u00e1bbi jogszab\u00e1lyok l\u00e9ptek \u00e9letbe, vagy m\u00f3dosultak 2019. m\u00e1jus 01-t\u0151l 2019. m\u00e1jus 31-ig.<\/p>\n\t\t<\/div>\n\t\t\n\t\t<a class=\"elementor-post__read-more\" href=\"https:\/\/vamor.hu\/en\/jogszabalyvaltozas-2019-februar-2-2-2\/\" aria-label=\"Read more about Jogszab\u00e1lyv\u00e1ltoz\u00e1s 2019. m\u00e1jus\" tabindex=\"-1\" >\n\t\t\tRead more.....\t\t<\/a>\n\n\t\t\t\t<\/div>\n\t\t\t\t<div class=\"elementor-post__meta-data\">\n\t\t\t\t\t<span class=\"elementor-post-date\">\n\t\t\t2019.07.24.\t\t<\/span>\n\t\t\t\t<span class=\"elementor-post-avatar\">\n\t\t\tNincs hozz\u00e1sz\u00f3l\u00e1s\t\t<\/span>\n\t\t\t\t<\/div>\n\t\t\t\t\t<\/div>\n\t\t<\/article>\n\t\t\t\t<article class=\"elementor-post elementor-grid-item post-3989 post type-post status-publish format-standard hentry category-egyeb\">\n\t\t\t<div class=\"elementor-post__card\">\n\t\t\t\t<div class=\"elementor-post__text\">\n\t\t\t\t<h3 class=\"elementor-post__title\">\n\t\t\t<a href=\"https:\/\/vamor.hu\/en\/jogszabalyvaltozas-2019-februar-2-2\/\" >\n\t\t\t\tJogszab\u00e1lyv\u00e1ltoz\u00e1s 2019. \u00e1prilis\t\t\t<\/a>\n\t\t<\/h3>\n\t\t\t\t<div class=\"elementor-post__excerpt\">\n\t\t\t<p>T\u00e1j\u00e9koztatom, hogy v\u00e1mjoggal, j\u00f6ved\u00e9kkel, k\u00f6rnyezet-, munka-, t\u0171zv\u00e9delemmel, hullad\u00e9kgazd\u00e1lkod\u00e1ssal \u00e9s k\u00f6rnyezetv\u00e9delmi term\u00e9kd\u00edjjal kapcsolatban az al\u00e1bbi jogszab\u00e1lyok l\u00e9ptek \u00e9letbe, vagy m\u00f3dosultak 2019. \u00e1prilis 01-t\u0151l 2019. \u00e1prilis 30-ig.<\/p>\n\t\t<\/div>\n\t\t\n\t\t<a class=\"elementor-post__read-more\" href=\"https:\/\/vamor.hu\/en\/jogszabalyvaltozas-2019-februar-2-2\/\" aria-label=\"Read more about Jogszab\u00e1lyv\u00e1ltoz\u00e1s 2019. \u00e1prilis\" tabindex=\"-1\" >\n\t\t\tRead more.....\t\t<\/a>\n\n\t\t\t\t<\/div>\n\t\t\t\t<div class=\"elementor-post__meta-data\">\n\t\t\t\t\t<span class=\"elementor-post-date\">\n\t\t\t2019.07.24.\t\t<\/span>\n\t\t\t\t<span class=\"elementor-post-avatar\">\n\t\t\tNincs hozz\u00e1sz\u00f3l\u00e1s\t\t<\/span>\n\t\t\t\t<\/div>\n\t\t\t\t\t<\/div>\n\t\t<\/article>\n\t\t\t\t<article class=\"elementor-post elementor-grid-item post-3987 post type-post status-publish format-standard hentry category-egyeb\">\n\t\t\t<div class=\"elementor-post__card\">\n\t\t\t\t<div class=\"elementor-post__text\">\n\t\t\t\t<h3 class=\"elementor-post__title\">\n\t\t\t<a href=\"https:\/\/vamor.hu\/en\/jogszabalyvaltozas-2019-februar-2\/\" >\n\t\t\t\tJogszab\u00e1lyv\u00e1ltoz\u00e1s 2019. m\u00e1rcius\t\t\t<\/a>\n\t\t<\/h3>\n\t\t\t\t<div class=\"elementor-post__excerpt\">\n\t\t\t<p>T\u00e1j\u00e9koztatom, hogy v\u00e1mjoggal, j\u00f6ved\u00e9kkel, k\u00f6rnyezet-, munka-, t\u0171zv\u00e9delemmel, hullad\u00e9kgazd\u00e1lkod\u00e1ssal \u00e9s k\u00f6rnyezetv\u00e9delmi term\u00e9kd\u00edjjal kapcsolatban az al\u00e1bbi jogszab\u00e1lyok l\u00e9ptek \u00e9letbe, vagy m\u00f3dosultak 2019. m\u00e1rcius 01-t\u0151l 2019. m\u00e1rcius 31-ig.<\/p>\n\t\t<\/div>\n\t\t\n\t\t<a class=\"elementor-post__read-more\" href=\"https:\/\/vamor.hu\/en\/jogszabalyvaltozas-2019-februar-2\/\" aria-label=\"Read more about Jogszab\u00e1lyv\u00e1ltoz\u00e1s 2019. m\u00e1rcius\" tabindex=\"-1\" >\n\t\t\tRead more.....\t\t<\/a>\n\n\t\t\t\t<\/div>\n\t\t\t\t<div class=\"elementor-post__meta-data\">\n\t\t\t\t\t<span class=\"elementor-post-date\">\n\t\t\t2019.07.24.\t\t<\/span>\n\t\t\t\t<span class=\"elementor-post-avatar\">\n\t\t\tNincs hozz\u00e1sz\u00f3l\u00e1s\t\t<\/span>\n\t\t\t\t<\/div>\n\t\t\t\t\t<\/div>\n\t\t<\/article>\n\t\t\t\t<article class=\"elementor-post elementor-grid-item post-3942 post type-post status-publish format-standard hentry category-egyeb\">\n\t\t\t<div class=\"elementor-post__card\">\n\t\t\t\t<div class=\"elementor-post__text\">\n\t\t\t\t<h3 class=\"elementor-post__title\">\n\t\t\t<a href=\"https:\/\/vamor.hu\/en\/jogszabalyvaltozas-2019-februar\/\" >\n\t\t\t\tJogszab\u00e1lyv\u00e1ltoz\u00e1s 2019. febru\u00e1r\t\t\t<\/a>\n\t\t<\/h3>\n\t\t\t\t<div class=\"elementor-post__excerpt\">\n\t\t\t<p>T\u00e1j\u00e9koztatom, hogy v\u00e1mjoggal, j\u00f6ved\u00e9kkel, k\u00f6rnyezet-, munka-, t\u0171zv\u00e9delemmel, hullad\u00e9kgazd\u00e1lkod\u00e1ssal \u00e9s k\u00f6rnyezetv\u00e9delmi term\u00e9kd\u00edjjal kapcsolatban az al\u00e1bbi jogszab\u00e1lyok l\u00e9ptek \u00e9letbe, vagy m\u00f3dosultak 2019. febru\u00e1r 01-t\u0151l 2019. febru\u00e1r 28-ig.<\/p>\n\t\t<\/div>\n\t\t\n\t\t<a class=\"elementor-post__read-more\" href=\"https:\/\/vamor.hu\/en\/jogszabalyvaltozas-2019-februar\/\" aria-label=\"Read more about Jogszab\u00e1lyv\u00e1ltoz\u00e1s 2019. febru\u00e1r\" tabindex=\"-1\" >\n\t\t\tRead more.....\t\t<\/a>\n\n\t\t\t\t<\/div>\n\t\t\t\t<div class=\"elementor-post__meta-data\">\n\t\t\t\t\t<span class=\"elementor-post-date\">\n\t\t\t2019.03.27.\t\t<\/span>\n\t\t\t\t<span class=\"elementor-post-avatar\">\n\t\t\tNincs hozz\u00e1sz\u00f3l\u00e1s\t\t<\/span>\n\t\t\t\t<\/div>\n\t\t\t\t\t<\/div>\n\t\t<\/article>\n\t\t\t\t<\/div>\n\t\t\n\t\t\t\t\t\t<\/div>\n\t\t\t\t<\/div>\n\t\t\t\t\t<\/div>\n\t\t<\/div>\n\t\t\t\t\t<\/div>\n\t\t<\/section>\n\t\t\t\t<\/div>\n\t\t","protected":false},"excerpt":{"rendered":"<p>News<\/p>\n","protected":false},"author":1,"featured_media":0,"parent":0,"menu_order":0,"comment_status":"closed","ping_status":"closed","template":"elementor_header_footer","meta":{"footnotes":""},"_links":{"self":[{"href":"https:\/\/vamor.hu\/en\/wp-json\/wp\/v2\/pages\/68"}],"collection":[{"href":"https:\/\/vamor.hu\/en\/wp-json\/wp\/v2\/pages"}],"about":[{"href":"https:\/\/vamor.hu\/en\/wp-json\/wp\/v2\/types\/page"}],"author":[{"embeddable":true,"href":"https:\/\/vamor.hu\/en\/wp-json\/wp\/v2\/users\/1"}],"replies":[{"embeddable":true,"href":"https:\/\/vamor.hu\/en\/wp-json\/wp\/v2\/comments?post=68"}],"version-history":[{"count":20,"href":"https:\/\/vamor.hu\/en\/wp-json\/wp\/v2\/pages\/68\/revisions"}],"predecessor-version":[{"id":4415,"href":"https:\/\/vamor.hu\/en\/wp-json\/wp\/v2\/pages\/68\/revisions\/4415"}],"wp:attachment":[{"href":"https:\/\/vamor.hu\/en\/wp-json\/wp\/v2\/media?parent=68"}],"curies":[{"name":"wp","href":"https:\/\/api.w.org\/{rel}","templated":true}]}}