{"id":107,"date":"2019-09-12T14:42:09","date_gmt":"2019-09-12T12:42:09","guid":{"rendered":"https:\/\/vamor.hu\/?page_id=107"},"modified":"2019-10-17T01:56:30","modified_gmt":"2019-10-16T23:56:30","slug":"teljes-kornyezetvedelmi-termekdij-rendszerkialakitas-egy-gyarto-cegnel","status":"publish","type":"page","link":"https:\/\/vamor.hu\/teljes-kornyezetvedelmi-termekdij-rendszerkialakitas-egy-gyarto-cegnel\/","title":{"rendered":"Teljes k\u00f6rnyezetv\u00e9delmi term\u00e9kd\u00edj rendszerkialak\u00edt\u00e1s egy gy\u00e1rt\u00f3 c\u00e9gn\u00e9l"},"content":{"rendered":"\t\t<div data-elementor-type=\"wp-page\" data-elementor-id=\"107\" class=\"elementor elementor-107\" data-elementor-post-type=\"page\">\n\t\t\t\t\t\t<section class=\"elementor-section elementor-top-section elementor-element elementor-element-ee51193 elementor-section-boxed elementor-section-height-default elementor-section-height-default\" data-id=\"ee51193\" data-element_type=\"section\" data-settings=\"{&quot;background_background&quot;:&quot;classic&quot;}\">\n\t\t\t\t\t\t<div class=\"elementor-container elementor-column-gap-default\">\n\t\t\t\t\t<div class=\"elementor-column elementor-col-100 elementor-top-column elementor-element elementor-element-8deed43\" data-id=\"8deed43\" data-element_type=\"column\">\n\t\t\t<div class=\"elementor-widget-wrap elementor-element-populated\">\n\t\t\t\t\t\t<div class=\"elementor-element elementor-element-bb1b65b elementor-widget elementor-widget-heading\" data-id=\"bb1b65b\" data-element_type=\"widget\" data-widget_type=\"heading.default\">\n\t\t\t\t<div class=\"elementor-widget-container\">\n\t\t\t\t\t<h2 class=\"elementor-heading-title elementor-size-default\">Teljes k\u00f6rnyezetv\u00e9delmi term\u00e9kd\u00edj rendszerkialak\u00edt\u00e1s egy gy\u00e1rt\u00f3 c\u00e9gn\u00e9l\n<\/h2>\t\t\t\t<\/div>\n\t\t\t\t<\/div>\n\t\t\t\t\t<\/div>\n\t\t<\/div>\n\t\t\t\t\t<\/div>\n\t\t<\/section>\n\t\t\t\t<section class=\"elementor-section elementor-top-section elementor-element elementor-element-c5b9dda elementor-section-boxed elementor-section-height-default elementor-section-height-default\" data-id=\"c5b9dda\" data-element_type=\"section\">\n\t\t\t\t\t\t<div class=\"elementor-container elementor-column-gap-default\">\n\t\t\t\t\t<div class=\"elementor-column elementor-col-100 elementor-top-column elementor-element elementor-element-7142b88\" data-id=\"7142b88\" data-element_type=\"column\">\n\t\t\t<div class=\"elementor-widget-wrap elementor-element-populated\">\n\t\t\t\t\t\t<div class=\"elementor-element elementor-element-3be24f1 elementor-widget elementor-widget-spacer\" data-id=\"3be24f1\" data-element_type=\"widget\" data-widget_type=\"spacer.default\">\n\t\t\t\t<div class=\"elementor-widget-container\">\n\t\t\t\t\t\t\t<div class=\"elementor-spacer\">\n\t\t\t<div class=\"elementor-spacer-inner\"><\/div>\n\t\t<\/div>\n\t\t\t\t\t\t<\/div>\n\t\t\t\t<\/div>\n\t\t\t\t\t<\/div>\n\t\t<\/div>\n\t\t\t\t\t<\/div>\n\t\t<\/section>\n\t\t\t\t<section class=\"elementor-section elementor-top-section elementor-element elementor-element-3050fd2 elementor-section-boxed elementor-section-height-default elementor-section-height-default\" data-id=\"3050fd2\" data-element_type=\"section\">\n\t\t\t\t\t\t<div class=\"elementor-container elementor-column-gap-default\">\n\t\t\t\t\t<div class=\"elementor-column elementor-col-100 elementor-top-column elementor-element elementor-element-1dabcaf\" data-id=\"1dabcaf\" data-element_type=\"column\" data-settings=\"{&quot;background_background&quot;:&quot;classic&quot;}\">\n\t\t\t<div class=\"elementor-widget-wrap elementor-element-populated\">\n\t\t\t\t\t\t<div class=\"elementor-element elementor-element-7bd173e elementor-position-left elementor-vertical-align-middle elementor-widget elementor-widget-image-box\" data-id=\"7bd173e\" data-element_type=\"widget\" data-widget_type=\"image-box.default\">\n\t\t\t\t<div class=\"elementor-widget-container\">\n\t\t\t\t\t<div class=\"elementor-image-box-wrapper\"><figure class=\"elementor-image-box-img\"><img fetchpriority=\"high\" decoding=\"async\" width=\"800\" height=\"450\" src=\"https:\/\/vamor.hu\/wp-content\/uploads\/2019\/09\/termekdij_rednszer.jpg\" class=\"attachment-full size-full wp-image-260\" alt=\"termekdij_rednszer\" srcset=\"https:\/\/vamor.hu\/wp-content\/uploads\/2019\/09\/termekdij_rednszer.jpg 800w, https:\/\/vamor.hu\/wp-content\/uploads\/2019\/09\/termekdij_rednszer-300x169.jpg 300w, https:\/\/vamor.hu\/wp-content\/uploads\/2019\/09\/termekdij_rednszer-768x432.jpg 768w, https:\/\/vamor.hu\/wp-content\/uploads\/2019\/09\/termekdij_rednszer-20x11.jpg 20w\" sizes=\"(max-width: 800px) 100vw, 800px\" \/><\/figure><div class=\"elementor-image-box-content\"><h3 class=\"elementor-image-box-title\">K\u00f6rnyezetv\u00e9delmi term\u00e9kd\u00edj rendszerkialak\u00edt\u00e1s<\/h3><p class=\"elementor-image-box-description\">A jelenleg is hat\u00e1lyos k\u00f6rnyezetv\u00e9delmi term\u00e9kd\u00edj t\u00f6rv\u00e9ny \u00e9letbe l\u00e9p\u00e9sekor keresett meg minket egyik partner\u00fcnk, hogy vizsg\u00e1ljuk fel\u00fcl aktu\u00e1lis k\u00f6rnyezetv\u00e9delmi term\u00e9kd\u00edj rendszer\u00fcket \u00e9s alak\u00edtsuk azt \u00e1t a hat\u00e1lyos t\u00f6rv\u00e9ny el\u0151\u00edr\u00e1sainak megfelel\u0151en. Nagy kih\u00edv\u00e1s volt ez sz\u00e1munkra, mivel nagyon \u00f6sszetett nyilv\u00e1ntart\u00e1si rendszerr\u0151l \u00e9s komoly term\u00e9kd\u00edj fizet\u00e9si k\u00f6telezetts\u00e9gr\u0151l volt sz\u00f3.<\/p><\/div><\/div>\t\t\t\t<\/div>\n\t\t\t\t<\/div>\n\t\t\t\t<div class=\"elementor-element elementor-element-d331f2c elementor-widget elementor-widget-spacer\" data-id=\"d331f2c\" data-element_type=\"widget\" data-widget_type=\"spacer.default\">\n\t\t\t\t<div class=\"elementor-widget-container\">\n\t\t\t\t\t\t\t<div class=\"elementor-spacer\">\n\t\t\t<div class=\"elementor-spacer-inner\"><\/div>\n\t\t<\/div>\n\t\t\t\t\t\t<\/div>\n\t\t\t\t<\/div>\n\t\t\t\t<div class=\"elementor-element elementor-element-efdcb82 elementor-position-right elementor-vertical-align-middle elementor-widget elementor-widget-image-box\" data-id=\"efdcb82\" data-element_type=\"widget\" data-widget_type=\"image-box.default\">\n\t\t\t\t<div class=\"elementor-widget-container\">\n\t\t\t\t\t<div class=\"elementor-image-box-wrapper\"><figure class=\"elementor-image-box-img\"><img decoding=\"async\" width=\"800\" height=\"450\" src=\"https:\/\/vamor.hu\/wp-content\/uploads\/2019\/09\/termekdij.jpg\" class=\"attachment-full size-full wp-image-261\" alt=\"termekdij\" srcset=\"https:\/\/vamor.hu\/wp-content\/uploads\/2019\/09\/termekdij.jpg 800w, https:\/\/vamor.hu\/wp-content\/uploads\/2019\/09\/termekdij-300x169.jpg 300w, https:\/\/vamor.hu\/wp-content\/uploads\/2019\/09\/termekdij-768x432.jpg 768w, https:\/\/vamor.hu\/wp-content\/uploads\/2019\/09\/termekdij-20x11.jpg 20w\" sizes=\"(max-width: 800px) 100vw, 800px\" \/><\/figure><div class=\"elementor-image-box-content\"><h3 class=\"elementor-image-box-title\">Tesztek<\/h3><p class=\"elementor-image-box-description\">A t\u00f6rv\u00e9nyi el\u0151\u00edr\u00e1soknak maxim\u00e1lisan megfelel\u0151 nyilv\u00e1ntart\u00e1s kialak\u00edt\u00e1s\u00e1t k\u00f6vet\u0151en sorra vett\u00fck az alkalmazhat\u00f3 egyszer\u0171s\u00edt\u00e9seket \u00e9s a jogszab\u00e1ly \u00e1ltal biztos\u00edtott kedvezm\u00e9nyeket; ezek ig\u00e9nybev\u00e9tel\u00e9vel \u00e9ves szinten t\u00f6bb 10 milli\u00f3 forint term\u00e9kd\u00edjat siker\u00fclt megtakar\u00edtani \u00e9s az adminisztr\u00e1ci\u00f3 egyszer\u0171s\u00edt\u00e9se is \u00e9vi t\u00f6bb milli\u00f3 forintos k\u00f6lts\u00e9gcs\u00f6kkent\u00e9st jelentett.\n\n<\/p><\/div><\/div>\t\t\t\t<\/div>\n\t\t\t\t<\/div>\n\t\t\t\t\t<\/div>\n\t\t<\/div>\n\t\t\t\t\t<\/div>\n\t\t<\/section>\n\t\t\t\t<section class=\"elementor-section elementor-top-section elementor-element elementor-element-6cab89a elementor-section-boxed elementor-section-height-default elementor-section-height-default\" data-id=\"6cab89a\" data-element_type=\"section\">\n\t\t\t\t\t\t<div class=\"elementor-container elementor-column-gap-default\">\n\t\t\t\t\t<div class=\"elementor-column elementor-col-100 elementor-top-column elementor-element elementor-element-2bb82d7\" data-id=\"2bb82d7\" data-element_type=\"column\" data-settings=\"{&quot;background_background&quot;:&quot;classic&quot;}\">\n\t\t\t<div class=\"elementor-widget-wrap elementor-element-populated\">\n\t\t\t\t\t\t<div class=\"elementor-element elementor-element-0cce629 elementor-widget elementor-widget-spacer\" data-id=\"0cce629\" data-element_type=\"widget\" data-widget_type=\"spacer.default\">\n\t\t\t\t<div class=\"elementor-widget-container\">\n\t\t\t\t\t\t\t<div class=\"elementor-spacer\">\n\t\t\t<div class=\"elementor-spacer-inner\"><\/div>\n\t\t<\/div>\n\t\t\t\t\t\t<\/div>\n\t\t\t\t<\/div>\n\t\t\t\t\t<\/div>\n\t\t<\/div>\n\t\t\t\t\t<\/div>\n\t\t<\/section>\n\t\t\t\t<section class=\"elementor-section elementor-top-section elementor-element elementor-element-fca6f34 elementor-section-boxed elementor-section-height-default elementor-section-height-default\" data-id=\"fca6f34\" data-element_type=\"section\">\n\t\t\t\t\t\t<div class=\"elementor-container elementor-column-gap-default\">\n\t\t\t\t\t<div class=\"elementor-column elementor-col-50 elementor-top-column elementor-element elementor-element-cb69ded\" data-id=\"cb69ded\" data-element_type=\"column\" data-settings=\"{&quot;background_background&quot;:&quot;classic&quot;}\">\n\t\t\t<div class=\"elementor-widget-wrap elementor-element-populated\">\n\t\t\t\t\t\t<div class=\"elementor-element elementor-element-ddbd1f6 elementor-widget elementor-widget-heading\" data-id=\"ddbd1f6\" data-element_type=\"widget\" data-widget_type=\"heading.default\">\n\t\t\t\t<div class=\"elementor-widget-container\">\n\t\t\t\t\t<h2 class=\"elementor-heading-title elementor-size-default\">Eredm\u00e9nyek\n<\/h2>\t\t\t\t<\/div>\n\t\t\t\t<\/div>\n\t\t\t\t<div class=\"elementor-element elementor-element-5f2e60f elementor-widget elementor-widget-text-editor\" data-id=\"5f2e60f\" data-element_type=\"widget\" data-widget_type=\"text-editor.default\">\n\t\t\t\t<div class=\"elementor-widget-container\">\n\t\t\t\t\t\t\t\t\t<p>A v\u00e9geredm\u00e9ny egy a hat\u00f3s\u00e1g \u00e1ltal m\u00e1r t\u00f6bbsz\u00f6r fel\u00fclvizsg\u00e1lt \u00e9s elfogadott, \u00f6sszetett k\u00f6rnyezetv\u00e9delmi term\u00e9kd\u00edjas rendszer:<\/p><ul><li>Mely k\u00e9pes a folyamatos monitoringra a k\u00f6telezetts\u00e9geket illet\u0151en,<\/li><li>K\u00e9pes a gy\u00e1rt\u00e1si folyamatok v\u00e1ltoz\u00e1s\u00e1nak lek\u00f6vet\u00e9s\u00e9re<\/li><li>Garant\u00e1lja a teljes jogszab\u00e1lyi megfelel\u00e9st<\/li><li>K\u00f6lts\u00e9ghat\u00e9kony \u00e9s kihaszn\u00e1lja a jogalkot\u00f3 adta kedvezm\u00e9nyeket<\/li><li>Egy szervezeti \u00e1talak\u00edt\u00e1s sor\u00e1n sem kellett a rendszert alapjaiban \u00fajra gondolni<\/li><\/ul>\t\t\t\t\t\t\t\t<\/div>\n\t\t\t\t<\/div>\n\t\t\t\t\t<\/div>\n\t\t<\/div>\n\t\t\t\t<div class=\"elementor-column elementor-col-50 elementor-top-column elementor-element elementor-element-95cf959\" data-id=\"95cf959\" data-element_type=\"column\" data-settings=\"{&quot;background_background&quot;:&quot;classic&quot;}\">\n\t\t\t<div class=\"elementor-widget-wrap elementor-element-populated\">\n\t\t\t\t\t\t<div class=\"elementor-element elementor-element-abd9293 elementor-widget elementor-widget-global elementor-global-270 elementor-widget-heading\" data-id=\"abd9293\" data-element_type=\"widget\" data-widget_type=\"heading.default\">\n\t\t\t\t<div class=\"elementor-widget-container\">\n\t\t\t\t\t<h2 class=\"elementor-heading-title elementor-size-default\">Szak\u00e9rt\u0151i tan\u00e1csad\u00e1sra van sz\u00fcks\u00e9ge?<\/h2>\t\t\t\t<\/div>\n\t\t\t\t<\/div>\n\t\t\t\t<div class=\"elementor-element elementor-element-1dce854 elementor-align-center elementor-widget elementor-widget-global elementor-global-273 elementor-widget-button\" data-id=\"1dce854\" data-element_type=\"widget\" data-widget_type=\"button.default\">\n\t\t\t\t<div class=\"elementor-widget-container\">\n\t\t\t\t\t\t\t\t\t<div class=\"elementor-button-wrapper\">\n\t\t\t\t\t<a class=\"elementor-button elementor-button-link elementor-size-sm\" href=\"https:\/\/vamor.hu\/kapcsolat\/\">\n\t\t\t\t\t\t<span class=\"elementor-button-content-wrapper\">\n\t\t\t\t\t\t\t\t\t<span class=\"elementor-button-text\">Aj\u00e1nlatk\u00e9r\u00e9s<\/span>\n\t\t\t\t\t<\/span>\n\t\t\t\t\t<\/a>\n\t\t\t\t<\/div>\n\t\t\t\t\t\t\t\t<\/div>\n\t\t\t\t<\/div>\n\t\t\t\t\t<\/div>\n\t\t<\/div>\n\t\t\t\t\t<\/div>\n\t\t<\/section>\n\t\t\t\t<section class=\"elementor-section elementor-top-section elementor-element elementor-element-55bac08 elementor-section-boxed elementor-section-height-default elementor-section-height-default\" data-id=\"55bac08\" data-element_type=\"section\">\n\t\t\t\t\t\t<div class=\"elementor-container elementor-column-gap-default\">\n\t\t\t\t\t<div class=\"elementor-column elementor-col-100 elementor-top-column elementor-element elementor-element-db9f048\" data-id=\"db9f048\" data-element_type=\"column\">\n\t\t\t<div class=\"elementor-widget-wrap elementor-element-populated\">\n\t\t\t\t\t\t<div class=\"elementor-element elementor-element-524d11b elementor-widget elementor-widget-spacer\" data-id=\"524d11b\" data-element_type=\"widget\" data-widget_type=\"spacer.default\">\n\t\t\t\t<div class=\"elementor-widget-container\">\n\t\t\t\t\t\t\t<div class=\"elementor-spacer\">\n\t\t\t<div class=\"elementor-spacer-inner\"><\/div>\n\t\t<\/div>\n\t\t\t\t\t\t<\/div>\n\t\t\t\t<\/div>\n\t\t\t\t\t<\/div>\n\t\t<\/div>\n\t\t\t\t\t<\/div>\n\t\t<\/section>\n\t\t\t\t<\/div>\n\t\t","protected":false},"excerpt":{"rendered":"<p>Teljes k\u00f6rnyezetv\u00e9delmi term\u00e9kd\u00edj rendszerkialak\u00edt\u00e1s egy gy\u00e1rt\u00f3 c\u00e9gn\u00e9l K\u00f6rnyezetv\u00e9delmi term\u00e9kd\u00edj rendszerkialak\u00edt\u00e1s A jelenleg is hat\u00e1lyos k\u00f6rnyezetv\u00e9delmi term\u00e9kd\u00edj t\u00f6rv\u00e9ny \u00e9letbe l\u00e9p\u00e9sekor keresett meg minket egyik partner\u00fcnk, hogy vizsg\u00e1ljuk fel\u00fcl aktu\u00e1lis k\u00f6rnyezetv\u00e9delmi term\u00e9kd\u00edj rendszer\u00fcket \u00e9s alak\u00edtsuk azt \u00e1t a hat\u00e1lyos t\u00f6rv\u00e9ny el\u0151\u00edr\u00e1sainak megfelel\u0151en. Nagy kih\u00edv\u00e1s volt ez sz\u00e1munkra, mivel nagyon \u00f6sszetett nyilv\u00e1ntart\u00e1si rendszerr\u0151l \u00e9s komoly term\u00e9kd\u00edj fizet\u00e9si k\u00f6telezetts\u00e9gr\u0151l [&hellip;]<\/p>\n","protected":false},"author":1,"featured_media":0,"parent":0,"menu_order":0,"comment_status":"closed","ping_status":"closed","template":"elementor_header_footer","meta":{"_eb_attr":"","footnotes":""},"class_list":["post-107","page","type-page","status-publish","hentry"],"_links":{"self":[{"href":"https:\/\/vamor.hu\/wp-json\/wp\/v2\/pages\/107"}],"collection":[{"href":"https:\/\/vamor.hu\/wp-json\/wp\/v2\/pages"}],"about":[{"href":"https:\/\/vamor.hu\/wp-json\/wp\/v2\/types\/page"}],"author":[{"embeddable":true,"href":"https:\/\/vamor.hu\/wp-json\/wp\/v2\/users\/1"}],"replies":[{"embeddable":true,"href":"https:\/\/vamor.hu\/wp-json\/wp\/v2\/comments?post=107"}],"version-history":[{"count":10,"href":"https:\/\/vamor.hu\/wp-json\/wp\/v2\/pages\/107\/revisions"}],"predecessor-version":[{"id":4366,"href":"https:\/\/vamor.hu\/wp-json\/wp\/v2\/pages\/107\/revisions\/4366"}],"wp:attachment":[{"href":"https:\/\/vamor.hu\/wp-json\/wp\/v2\/media?parent=107"}],"curies":[{"name":"wp","href":"https:\/\/api.w.org\/{rel}","templated":true}]}}