{"id":109,"date":"2019-09-12T14:42:29","date_gmt":"2019-09-12T12:42:29","guid":{"rendered":"https:\/\/vamor.hu\/?page_id=109"},"modified":"2019-10-17T01:55:48","modified_gmt":"2019-10-16T23:55:48","slug":"hatosagi-felszolitas-energia-vamkezeles-utolagos-es-folyamatos-ugyintezese","status":"publish","type":"page","link":"https:\/\/vamor.hu\/hatosagi-felszolitas-energia-vamkezeles-utolagos-es-folyamatos-ugyintezese\/","title":{"rendered":"Hat\u00f3s\u00e1gi felsz\u00f3l\u00edt\u00e1s! Energia v\u00e1mkezel\u00e9s ut\u00f3lagos \u00e9s folyamatos \u00fcgyint\u00e9z\u00e9se"},"content":{"rendered":"\t\t<div data-elementor-type=\"wp-page\" data-elementor-id=\"109\" class=\"elementor elementor-109\" data-elementor-post-type=\"page\">\n\t\t\t\t\t\t<section class=\"elementor-section elementor-top-section elementor-element elementor-element-dbbd599 elementor-section-boxed elementor-section-height-default elementor-section-height-default\" data-id=\"dbbd599\" data-element_type=\"section\" data-settings=\"{&quot;background_background&quot;:&quot;classic&quot;}\">\n\t\t\t\t\t\t<div class=\"elementor-container elementor-column-gap-default\">\n\t\t\t\t\t<div class=\"elementor-column elementor-col-100 elementor-top-column elementor-element elementor-element-5ec0e34\" data-id=\"5ec0e34\" data-element_type=\"column\">\n\t\t\t<div class=\"elementor-widget-wrap elementor-element-populated\">\n\t\t\t\t\t\t<div class=\"elementor-element elementor-element-35f3076 elementor-widget elementor-widget-heading\" data-id=\"35f3076\" data-element_type=\"widget\" data-widget_type=\"heading.default\">\n\t\t\t\t<div class=\"elementor-widget-container\">\n\t\t\t\t\t<h2 class=\"elementor-heading-title elementor-size-default\">Hat\u00f3s\u00e1gi felsz\u00f3l\u00edt\u00e1s! Energia v\u00e1mkezel\u00e9s ut\u00f3lagos \u00e9s folyamatos \u00fcgyint\u00e9z\u00e9se\n<\/h2>\t\t\t\t<\/div>\n\t\t\t\t<\/div>\n\t\t\t\t\t<\/div>\n\t\t<\/div>\n\t\t\t\t\t<\/div>\n\t\t<\/section>\n\t\t\t\t<section class=\"elementor-section elementor-top-section elementor-element elementor-element-1898f15 elementor-section-boxed elementor-section-height-default elementor-section-height-default\" data-id=\"1898f15\" data-element_type=\"section\">\n\t\t\t\t\t\t<div class=\"elementor-container elementor-column-gap-default\">\n\t\t\t\t\t<div class=\"elementor-column elementor-col-100 elementor-top-column elementor-element elementor-element-ea18eb0\" data-id=\"ea18eb0\" data-element_type=\"column\">\n\t\t\t<div class=\"elementor-widget-wrap elementor-element-populated\">\n\t\t\t\t\t\t<div class=\"elementor-element elementor-element-349ac7b elementor-widget elementor-widget-spacer\" data-id=\"349ac7b\" data-element_type=\"widget\" data-widget_type=\"spacer.default\">\n\t\t\t\t<div class=\"elementor-widget-container\">\n\t\t\t\t\t\t\t<div class=\"elementor-spacer\">\n\t\t\t<div class=\"elementor-spacer-inner\"><\/div>\n\t\t<\/div>\n\t\t\t\t\t\t<\/div>\n\t\t\t\t<\/div>\n\t\t\t\t<div class=\"elementor-element elementor-element-ce1d587 elementor-position-left elementor-vertical-align-middle elementor-widget elementor-widget-image-box\" data-id=\"ce1d587\" data-element_type=\"widget\" data-widget_type=\"image-box.default\">\n\t\t\t\t<div class=\"elementor-widget-container\">\n\t\t\t\t\t<div class=\"elementor-image-box-wrapper\"><figure class=\"elementor-image-box-img\"><img fetchpriority=\"high\" decoding=\"async\" width=\"1125\" height=\"750\" src=\"https:\/\/vamor.hu\/wp-content\/uploads\/2019\/09\/energy-trading2.jpeg\" class=\"attachment-full size-full wp-image-268\" alt=\"energy-trading2\" srcset=\"https:\/\/vamor.hu\/wp-content\/uploads\/2019\/09\/energy-trading2.jpeg 1125w, https:\/\/vamor.hu\/wp-content\/uploads\/2019\/09\/energy-trading2-300x200.jpeg 300w, https:\/\/vamor.hu\/wp-content\/uploads\/2019\/09\/energy-trading2-1024x683.jpeg 1024w, https:\/\/vamor.hu\/wp-content\/uploads\/2019\/09\/energy-trading2-768x512.jpeg 768w, https:\/\/vamor.hu\/wp-content\/uploads\/2019\/09\/energy-trading2-20x13.jpeg 20w\" sizes=\"(max-width: 1125px) 100vw, 1125px\" \/><\/figure><div class=\"elementor-image-box-content\"><h3 class=\"elementor-image-box-title\">Hat\u00f3s\u00e1gi felsz\u00f3l\u00edt\u00e1s! Energia v\u00e1mkezel\u00e9s ut\u00f3lagos \u00e9s folyamatos \u00fcgyint\u00e9z\u00e9se<\/h3><p class=\"elementor-image-box-description\">Egyik partner\u00fcnk megl\u00e9v\u0151 tev\u00e9kenys\u00e9g\u00e9t kieg\u00e9sz\u00edtend\u0151 elkezdett energiakereskedelemmel is foglalkozni, mivel minden enged\u00e9llyel rendelkezett, \u00edgy meg is tudta kezdeni a keresked\u00e9st. Sajnos viszont senki nem sz\u00f3lt neki arr\u00f3l, hogy a harmadik orsz\u00e1gokb\u00f3l import\u00e1lt, illetve oda export\u00e1lt mennyis\u00e9geknek \u00e1t kell esni\u00fck a v\u00e1mformalit\u00e1sokon, s\u0151t m\u00e9g EU-n bel\u00fcli mozg\u00e1s eset\u00e9n is vannak olyan formalit\u00e1sok melyeket el kell v\u00e9gezni.\n\n<\/p><\/div><\/div>\t\t\t\t<\/div>\n\t\t\t\t<\/div>\n\t\t\t\t<div class=\"elementor-element elementor-element-08cc180 elementor-widget elementor-widget-spacer\" data-id=\"08cc180\" data-element_type=\"widget\" data-widget_type=\"spacer.default\">\n\t\t\t\t<div class=\"elementor-widget-container\">\n\t\t\t\t\t\t\t<div class=\"elementor-spacer\">\n\t\t\t<div class=\"elementor-spacer-inner\"><\/div>\n\t\t<\/div>\n\t\t\t\t\t\t<\/div>\n\t\t\t\t<\/div>\n\t\t\t\t<div class=\"elementor-element elementor-element-55fd999 elementor-position-right elementor-vertical-align-middle elementor-widget elementor-widget-image-box\" data-id=\"55fd999\" data-element_type=\"widget\" data-widget_type=\"image-box.default\">\n\t\t\t\t<div class=\"elementor-widget-container\">\n\t\t\t\t\t<div class=\"elementor-image-box-wrapper\"><figure class=\"elementor-image-box-img\"><img decoding=\"async\" width=\"1125\" height=\"750\" src=\"https:\/\/vamor.hu\/wp-content\/uploads\/2019\/09\/energy-trading.jpeg\" class=\"attachment-full size-full wp-image-281\" alt=\"energy-trading\" srcset=\"https:\/\/vamor.hu\/wp-content\/uploads\/2019\/09\/energy-trading.jpeg 1125w, https:\/\/vamor.hu\/wp-content\/uploads\/2019\/09\/energy-trading-300x200.jpeg 300w, https:\/\/vamor.hu\/wp-content\/uploads\/2019\/09\/energy-trading-1024x683.jpeg 1024w, https:\/\/vamor.hu\/wp-content\/uploads\/2019\/09\/energy-trading-768x512.jpeg 768w, https:\/\/vamor.hu\/wp-content\/uploads\/2019\/09\/energy-trading-20x13.jpeg 20w\" sizes=\"(max-width: 1125px) 100vw, 1125px\" \/><\/figure><div class=\"elementor-image-box-content\"><h3 class=\"elementor-image-box-title\">Kutat\u00e1s \u00e9s elemz\u00e9s<\/h3><p class=\"elementor-image-box-description\">H\u00e1rom havi elmarad\u00e1suk volt mikor a hat\u00f3s\u00e1g felsz\u00f3l\u00edtotta \u0151ket a sz\u00fcks\u00e9ges int\u00e9zked\u00e9sek miel\u0151bbi p\u00f3tl\u00e1s\u00e1ra \u00e9s b\u00edrs\u00e1got is kil\u00e1t\u00e1sba helyezett, amennyiben r\u00f6vid hat\u00e1rid\u0151n bel\u00fcl nem p\u00f3tolj\u00e1k a mulaszt\u00e1sokat.\n\n\n<\/p><\/div><\/div>\t\t\t\t<\/div>\n\t\t\t\t<\/div>\n\t\t\t\t<div class=\"elementor-element elementor-element-2944ae2 elementor-widget elementor-widget-spacer\" data-id=\"2944ae2\" data-element_type=\"widget\" data-widget_type=\"spacer.default\">\n\t\t\t\t<div class=\"elementor-widget-container\">\n\t\t\t\t\t\t\t<div class=\"elementor-spacer\">\n\t\t\t<div class=\"elementor-spacer-inner\"><\/div>\n\t\t<\/div>\n\t\t\t\t\t\t<\/div>\n\t\t\t\t<\/div>\n\t\t\t\t\t<\/div>\n\t\t<\/div>\n\t\t\t\t\t<\/div>\n\t\t<\/section>\n\t\t\t\t<section class=\"elementor-section elementor-top-section elementor-element elementor-element-692b842 elementor-section-boxed elementor-section-height-default elementor-section-height-default\" data-id=\"692b842\" data-element_type=\"section\">\n\t\t\t\t\t\t<div class=\"elementor-container elementor-column-gap-default\">\n\t\t\t\t\t<div class=\"elementor-column elementor-col-50 elementor-top-column elementor-element elementor-element-6043ac5\" data-id=\"6043ac5\" data-element_type=\"column\">\n\t\t\t<div class=\"elementor-widget-wrap elementor-element-populated\">\n\t\t\t\t\t\t<div class=\"elementor-element elementor-element-8eb0755 elementor-widget elementor-widget-heading\" data-id=\"8eb0755\" data-element_type=\"widget\" data-widget_type=\"heading.default\">\n\t\t\t\t<div class=\"elementor-widget-container\">\n\t\t\t\t\t<h2 class=\"elementor-heading-title elementor-size-default\">Projekt \u00e1ltal vezetett eredm\u00e9nyek\n<\/h2>\t\t\t\t<\/div>\n\t\t\t\t<\/div>\n\t\t\t\t<div class=\"elementor-element elementor-element-1914938 elementor-widget elementor-widget-text-editor\" data-id=\"1914938\" data-element_type=\"widget\" data-widget_type=\"text-editor.default\">\n\t\t\t\t<div class=\"elementor-widget-container\">\n\t\t\t\t\t\t\t\t\t<p>Aj\u00e1nl\u00e1s \u00fatj\u00e1n fordultak hozz\u00e1nk, hogy a lehet\u0151 legr\u00f6videbb id\u0151 alatt p\u00f3toljuk elmarad\u00e1saikat \u00e9s pr\u00f3b\u00e1ljuk meg elker\u00fclni a b\u00edrs\u00e1got \u00e9s a hat\u00f3s\u00e1g tov\u00e1bbi szankci\u00f3it. Szerencs\u00e9re c\u00e9g\u00fcnk rendelkezik minden sz\u00fcks\u00e9ges enged\u00e9llyel, hat\u00f3s\u00e1gi regisztr\u00e1ci\u00f3val \u00e9s szoftver licenszel. Tov\u00e1bb\u00e1, mivel t\u00f6bb partner\u00fcnknek is seg\u00edt\u00fcnk energiav\u00e1mkezel\u00e9ssel kapcsolatban, \u00edgy napi kapcsolatban vagyunk az illet\u00e9kes hat\u00f3s\u00e1gi oszt\u00e1lyokkal, \u00edgy kieszk\u00f6z\u00f6lt\u00fcnk a hat\u00f3s\u00e1g r\u00e9sz\u00e9r\u0151l egy kisebb halad\u00e9kot \u00e9s a meghosszabb\u00edtott hat\u00e1rid\u0151n bel\u00fcl rendezt\u00fck a partner\u00fcnk k\u00f6telezetts\u00e9geit.<\/p><p>Az\u00f3ta is egy\u00fcttm\u0171k\u00f6d\u00fcnk partner\u00fcnkkel, aki az\u00f3ta jelent\u0151s szerepl\u0151v\u00e9 v\u00e1lt ezen a piacon.<\/p>\t\t\t\t\t\t\t\t<\/div>\n\t\t\t\t<\/div>\n\t\t\t\t\t<\/div>\n\t\t<\/div>\n\t\t\t\t<div class=\"elementor-column elementor-col-50 elementor-top-column elementor-element elementor-element-1b6bdce\" data-id=\"1b6bdce\" data-element_type=\"column\">\n\t\t\t<div class=\"elementor-widget-wrap elementor-element-populated\">\n\t\t\t\t\t\t<div class=\"elementor-element elementor-element-08fd3af elementor-widget elementor-widget-global elementor-global-270 elementor-widget-heading\" data-id=\"08fd3af\" data-element_type=\"widget\" data-widget_type=\"heading.default\">\n\t\t\t\t<div class=\"elementor-widget-container\">\n\t\t\t\t\t<h2 class=\"elementor-heading-title elementor-size-default\">Szak\u00e9rt\u0151i tan\u00e1csad\u00e1sra van sz\u00fcks\u00e9ge?<\/h2>\t\t\t\t<\/div>\n\t\t\t\t<\/div>\n\t\t\t\t<div class=\"elementor-element elementor-element-d4cff56 elementor-align-center elementor-widget elementor-widget-global elementor-global-273 elementor-widget-button\" data-id=\"d4cff56\" data-element_type=\"widget\" data-widget_type=\"button.default\">\n\t\t\t\t<div class=\"elementor-widget-container\">\n\t\t\t\t\t\t\t\t\t<div class=\"elementor-button-wrapper\">\n\t\t\t\t\t<a class=\"elementor-button elementor-button-link elementor-size-sm\" href=\"https:\/\/vamor.hu\/kapcsolat\/\">\n\t\t\t\t\t\t<span class=\"elementor-button-content-wrapper\">\n\t\t\t\t\t\t\t\t\t<span class=\"elementor-button-text\">Aj\u00e1nlatk\u00e9r\u00e9s<\/span>\n\t\t\t\t\t<\/span>\n\t\t\t\t\t<\/a>\n\t\t\t\t<\/div>\n\t\t\t\t\t\t\t\t<\/div>\n\t\t\t\t<\/div>\n\t\t\t\t\t<\/div>\n\t\t<\/div>\n\t\t\t\t\t<\/div>\n\t\t<\/section>\n\t\t\t\t<section class=\"elementor-section elementor-top-section elementor-element elementor-element-888a6ce elementor-section-boxed elementor-section-height-default elementor-section-height-default\" data-id=\"888a6ce\" data-element_type=\"section\">\n\t\t\t\t\t\t<div class=\"elementor-container elementor-column-gap-default\">\n\t\t\t\t\t<div class=\"elementor-column elementor-col-100 elementor-top-column elementor-element elementor-element-592dba8\" data-id=\"592dba8\" data-element_type=\"column\">\n\t\t\t<div class=\"elementor-widget-wrap elementor-element-populated\">\n\t\t\t\t\t\t<div class=\"elementor-element elementor-element-4b0f773 elementor-widget elementor-widget-spacer\" data-id=\"4b0f773\" data-element_type=\"widget\" data-widget_type=\"spacer.default\">\n\t\t\t\t<div class=\"elementor-widget-container\">\n\t\t\t\t\t\t\t<div class=\"elementor-spacer\">\n\t\t\t<div class=\"elementor-spacer-inner\"><\/div>\n\t\t<\/div>\n\t\t\t\t\t\t<\/div>\n\t\t\t\t<\/div>\n\t\t\t\t\t<\/div>\n\t\t<\/div>\n\t\t\t\t\t<\/div>\n\t\t<\/section>\n\t\t\t\t<\/div>\n\t\t","protected":false},"excerpt":{"rendered":"<p>Hat\u00f3s\u00e1gi felsz\u00f3l\u00edt\u00e1s! Energia v\u00e1mkezel\u00e9s ut\u00f3lagos \u00e9s folyamatos \u00fcgyint\u00e9z\u00e9se Hat\u00f3s\u00e1gi felsz\u00f3l\u00edt\u00e1s! Energia v\u00e1mkezel\u00e9s ut\u00f3lagos \u00e9s folyamatos \u00fcgyint\u00e9z\u00e9se Egyik partner\u00fcnk megl\u00e9v\u0151 tev\u00e9kenys\u00e9g\u00e9t kieg\u00e9sz\u00edtend\u0151 elkezdett energiakereskedelemmel is foglalkozni, mivel minden enged\u00e9llyel rendelkezett, \u00edgy meg is tudta kezdeni a keresked\u00e9st. Sajnos viszont senki nem sz\u00f3lt neki arr\u00f3l, hogy a harmadik orsz\u00e1gokb\u00f3l import\u00e1lt, illetve oda export\u00e1lt mennyis\u00e9geknek \u00e1t kell esni\u00fck [&hellip;]<\/p>\n","protected":false},"author":1,"featured_media":0,"parent":0,"menu_order":0,"comment_status":"closed","ping_status":"closed","template":"elementor_header_footer","meta":{"_eb_attr":"","footnotes":""},"class_list":["post-109","page","type-page","status-publish","hentry"],"_links":{"self":[{"href":"https:\/\/vamor.hu\/wp-json\/wp\/v2\/pages\/109"}],"collection":[{"href":"https:\/\/vamor.hu\/wp-json\/wp\/v2\/pages"}],"about":[{"href":"https:\/\/vamor.hu\/wp-json\/wp\/v2\/types\/page"}],"author":[{"embeddable":true,"href":"https:\/\/vamor.hu\/wp-json\/wp\/v2\/users\/1"}],"replies":[{"embeddable":true,"href":"https:\/\/vamor.hu\/wp-json\/wp\/v2\/comments?post=109"}],"version-history":[{"count":7,"href":"https:\/\/vamor.hu\/wp-json\/wp\/v2\/pages\/109\/revisions"}],"predecessor-version":[{"id":4365,"href":"https:\/\/vamor.hu\/wp-json\/wp\/v2\/pages\/109\/revisions\/4365"}],"wp:attachment":[{"href":"https:\/\/vamor.hu\/wp-json\/wp\/v2\/media?parent=109"}],"curies":[{"name":"wp","href":"https:\/\/api.w.org\/{rel}","templated":true}]}}