{"id":66,"date":"2019-09-12T14:25:22","date_gmt":"2019-09-12T12:25:22","guid":{"rendered":"https:\/\/vamor.hu\/?page_id=66"},"modified":"2021-02-24T10:05:01","modified_gmt":"2021-02-24T09:05:01","slug":"esettanulmany","status":"publish","type":"page","link":"https:\/\/vamor.hu\/?page_id=66","title":{"rendered":"Esettanulm\u00e1ny"},"content":{"rendered":"\t\t<div data-elementor-type=\"wp-page\" data-elementor-id=\"66\" class=\"elementor elementor-66\" data-elementor-post-type=\"page\">\n\t\t\t\t\t\t<section class=\"elementor-section elementor-top-section elementor-element elementor-element-ba36231 elementor-section-boxed elementor-section-height-default elementor-section-height-default\" data-id=\"ba36231\" data-element_type=\"section\" data-settings=\"{&quot;background_background&quot;:&quot;classic&quot;}\">\n\t\t\t\t\t\t<div class=\"elementor-container elementor-column-gap-default\">\n\t\t\t\t\t<div class=\"elementor-column elementor-col-100 elementor-top-column elementor-element elementor-element-521f454\" data-id=\"521f454\" data-element_type=\"column\">\n\t\t\t<div class=\"elementor-widget-wrap elementor-element-populated\">\n\t\t\t\t\t\t<div class=\"elementor-element elementor-element-fafd022 elementor-widget elementor-widget-heading\" data-id=\"fafd022\" data-element_type=\"widget\" data-widget_type=\"heading.default\">\n\t\t\t\t<div class=\"elementor-widget-container\">\n\t\t\t\t\t<h1 class=\"elementor-heading-title elementor-size-default\">Esettanulm\u00e1nyok\n<\/h1>\t\t\t\t<\/div>\n\t\t\t\t<\/div>\n\t\t\t\t\t<\/div>\n\t\t<\/div>\n\t\t\t\t\t<\/div>\n\t\t<\/section>\n\t\t\t\t<section class=\"elementor-section elementor-top-section elementor-element elementor-element-be6fc41 elementor-section-boxed elementor-section-height-default elementor-section-height-default\" data-id=\"be6fc41\" data-element_type=\"section\">\n\t\t\t\t\t\t<div class=\"elementor-container elementor-column-gap-default\">\n\t\t\t\t\t<div class=\"elementor-column elementor-col-100 elementor-top-column elementor-element elementor-element-20af21a\" data-id=\"20af21a\" data-element_type=\"column\">\n\t\t\t<div class=\"elementor-widget-wrap elementor-element-populated\">\n\t\t\t\t\t\t<div class=\"elementor-element elementor-element-a2131b1 elementor-widget elementor-widget-spacer\" data-id=\"a2131b1\" data-element_type=\"widget\" data-widget_type=\"spacer.default\">\n\t\t\t\t<div class=\"elementor-widget-container\">\n\t\t\t\t\t\t\t<div class=\"elementor-spacer\">\n\t\t\t<div class=\"elementor-spacer-inner\"><\/div>\n\t\t<\/div>\n\t\t\t\t\t\t<\/div>\n\t\t\t\t<\/div>\n\t\t\t\t<section class=\"elementor-section elementor-inner-section elementor-element elementor-element-04a6eb3 elementor-section-boxed elementor-section-height-default elementor-section-height-default\" data-id=\"04a6eb3\" data-element_type=\"section\">\n\t\t\t\t\t\t<div class=\"elementor-container elementor-column-gap-default\">\n\t\t\t\t\t<div class=\"elementor-column elementor-col-33 elementor-inner-column elementor-element elementor-element-42fac1f\" data-id=\"42fac1f\" data-element_type=\"column\">\n\t\t\t<div class=\"elementor-widget-wrap elementor-element-populated\">\n\t\t\t\t\t\t<div class=\"elementor-element elementor-element-9855c9a elementor-widget elementor-widget-heading\" data-id=\"9855c9a\" data-element_type=\"widget\" data-widget_type=\"heading.default\">\n\t\t\t\t<div class=\"elementor-widget-container\">\n\t\t\t\t\t<h2 class=\"elementor-heading-title elementor-size-default\">K\u00f6rnyezetv\u00e9delmi term\u00e9kd\u00edj<\/h2>\t\t\t\t<\/div>\n\t\t\t\t<\/div>\n\t\t\t\t<div class=\"elementor-element elementor-element-f57eab8 elementor-widget elementor-widget-image\" data-id=\"f57eab8\" data-element_type=\"widget\" data-widget_type=\"image.default\">\n\t\t\t\t<div class=\"elementor-widget-container\">\n\t\t\t\t\t\t\t\t\t\t\t\t\t\t\t<img decoding=\"async\" src=\"https:\/\/vamor.hu\/wp-content\/uploads\/elementor\/thumbs\/Cases_01-qgwutm75zk6rgg38j6j8w76uxng41pjz7hqri99rcc.jpg\" title=\"kornyezetvedelmi-termekdij-esettanulmany\" alt=\"kornyezetvedelmi-termekdij-esettanulmany\" loading=\"lazy\" \/>\t\t\t\t\t\t\t\t\t\t\t\t\t\t\t<\/div>\n\t\t\t\t<\/div>\n\t\t\t\t<div class=\"elementor-element elementor-element-46254e5 elementor-widget elementor-widget-heading\" data-id=\"46254e5\" data-element_type=\"widget\" data-widget_type=\"heading.default\">\n\t\t\t\t<div class=\"elementor-widget-container\">\n\t\t\t\t\t<h2 class=\"elementor-heading-title elementor-size-default\">Teljes k\u00f6rnyezetv\u00e9delmi term\u00e9kd\u00edj rendszerkialak\u00edt\u00e1s egy gy\u00e1rt\u00f3 c\u00e9gn\u00e9l<\/h2>\t\t\t\t<\/div>\n\t\t\t\t<\/div>\n\t\t\t\t<div class=\"elementor-element elementor-element-4709362 elementor-align-center elementor-widget elementor-widget-button\" data-id=\"4709362\" data-element_type=\"widget\" data-widget_type=\"button.default\">\n\t\t\t\t<div class=\"elementor-widget-container\">\n\t\t\t\t\t\t\t\t\t<div class=\"elementor-button-wrapper\">\n\t\t\t\t\t<a class=\"elementor-button elementor-button-link elementor-size-sm\" href=\"https:\/\/vamor.hu\/?page_id=107\">\n\t\t\t\t\t\t<span class=\"elementor-button-content-wrapper\">\n\t\t\t\t\t\t\t\t\t<span class=\"elementor-button-text\">Elolvasom<\/span>\n\t\t\t\t\t<\/span>\n\t\t\t\t\t<\/a>\n\t\t\t\t<\/div>\n\t\t\t\t\t\t\t\t<\/div>\n\t\t\t\t<\/div>\n\t\t\t\t\t<\/div>\n\t\t<\/div>\n\t\t\t\t<div class=\"elementor-column elementor-col-33 elementor-inner-column elementor-element elementor-element-517c7e4\" data-id=\"517c7e4\" data-element_type=\"column\">\n\t\t\t<div class=\"elementor-widget-wrap elementor-element-populated\">\n\t\t\t\t\t\t<div class=\"elementor-element elementor-element-c2cb1c0 elementor-widget elementor-widget-heading\" data-id=\"c2cb1c0\" data-element_type=\"widget\" data-widget_type=\"heading.default\">\n\t\t\t\t<div class=\"elementor-widget-container\">\n\t\t\t\t\t<h2 class=\"elementor-heading-title elementor-size-default\">Energia v\u00e1mkezel\u00e9s<\/h2>\t\t\t\t<\/div>\n\t\t\t\t<\/div>\n\t\t\t\t<div class=\"elementor-element elementor-element-e8232af elementor-widget elementor-widget-image\" data-id=\"e8232af\" data-element_type=\"widget\" data-widget_type=\"image.default\">\n\t\t\t\t<div class=\"elementor-widget-container\">\n\t\t\t\t\t\t\t\t\t\t\t\t\t\t\t<img decoding=\"async\" src=\"https:\/\/vamor.hu\/wp-content\/uploads\/elementor\/thumbs\/energia-vamkezeles-esettanulmany-qgwutm75zk6rgg38j6j8w76uxng41pjz7hqri99rcc.jpeg\" title=\"energia-vamkezeles-esettanulmany\" alt=\"energia-vamkezeles-esettanulmany\" loading=\"lazy\" \/>\t\t\t\t\t\t\t\t\t\t\t\t\t\t\t<\/div>\n\t\t\t\t<\/div>\n\t\t\t\t<div class=\"elementor-element elementor-element-21332a1 elementor-widget elementor-widget-heading\" data-id=\"21332a1\" data-element_type=\"widget\" data-widget_type=\"heading.default\">\n\t\t\t\t<div class=\"elementor-widget-container\">\n\t\t\t\t\t<h2 class=\"elementor-heading-title elementor-size-default\">Hat\u00f3s\u00e1gi felsz\u00f3l\u00edt\u00e1s! Energia v\u00e1mkezel\u00e9s ut\u00f3lagos \u00e9s folyamatos \u00fcgyint\u00e9z\u00e9se<\/h2>\t\t\t\t<\/div>\n\t\t\t\t<\/div>\n\t\t\t\t<div class=\"elementor-element elementor-element-3fc6d1e elementor-align-center elementor-widget elementor-widget-button\" data-id=\"3fc6d1e\" data-element_type=\"widget\" data-widget_type=\"button.default\">\n\t\t\t\t<div class=\"elementor-widget-container\">\n\t\t\t\t\t\t\t\t\t<div class=\"elementor-button-wrapper\">\n\t\t\t\t\t<a class=\"elementor-button elementor-button-link elementor-size-sm\" href=\"https:\/\/vamor.hu\/?page_id=109\">\n\t\t\t\t\t\t<span class=\"elementor-button-content-wrapper\">\n\t\t\t\t\t\t\t\t\t<span class=\"elementor-button-text\">Elolvasom<\/span>\n\t\t\t\t\t<\/span>\n\t\t\t\t\t<\/a>\n\t\t\t\t<\/div>\n\t\t\t\t\t\t\t\t<\/div>\n\t\t\t\t<\/div>\n\t\t\t\t\t<\/div>\n\t\t<\/div>\n\t\t\t\t<div class=\"elementor-column elementor-col-33 elementor-inner-column elementor-element elementor-element-8451855\" data-id=\"8451855\" data-element_type=\"column\">\n\t\t\t<div class=\"elementor-widget-wrap elementor-element-populated\">\n\t\t\t\t\t\t<div class=\"elementor-element elementor-element-5d9fa28 elementor-widget elementor-widget-heading\" data-id=\"5d9fa28\" data-element_type=\"widget\" data-widget_type=\"heading.default\">\n\t\t\t\t<div class=\"elementor-widget-container\">\n\t\t\t\t\t<h2 class=\"elementor-heading-title elementor-size-default\">INTRASTAT<\/h2>\t\t\t\t<\/div>\n\t\t\t\t<\/div>\n\t\t\t\t<div class=\"elementor-element elementor-element-06ab45b elementor-widget elementor-widget-image\" data-id=\"06ab45b\" data-element_type=\"widget\" data-widget_type=\"image.default\">\n\t\t\t\t<div class=\"elementor-widget-container\">\n\t\t\t\t\t\t\t\t\t\t\t\t\t\t\t<img decoding=\"async\" src=\"https:\/\/vamor.hu\/wp-content\/uploads\/elementor\/thumbs\/intrastat-esettanulmany-qgwutm75zk6rgg38j6j8w76uxng41pjz7hqri99rcc.jpeg\" title=\"intrastat-esettanulmany\" alt=\"intrastat-esettanulmany\" loading=\"lazy\" \/>\t\t\t\t\t\t\t\t\t\t\t\t\t\t\t<\/div>\n\t\t\t\t<\/div>\n\t\t\t\t<div class=\"elementor-element elementor-element-19db148 elementor-widget elementor-widget-heading\" data-id=\"19db148\" data-element_type=\"widget\" data-widget_type=\"heading.default\">\n\t\t\t\t<div class=\"elementor-widget-container\">\n\t\t\t\t\t<h2 class=\"elementor-heading-title elementor-size-default\">Beszerz\u00e9si probl\u00e9ma elh\u00e1r\u00edt\u00e1sa INTRASTAT jelent\u00e9ssel<\/h2>\t\t\t\t<\/div>\n\t\t\t\t<\/div>\n\t\t\t\t<div class=\"elementor-element elementor-element-e2908df elementor-align-center elementor-widget elementor-widget-button\" data-id=\"e2908df\" data-element_type=\"widget\" data-widget_type=\"button.default\">\n\t\t\t\t<div class=\"elementor-widget-container\">\n\t\t\t\t\t\t\t\t\t<div class=\"elementor-button-wrapper\">\n\t\t\t\t\t<a class=\"elementor-button elementor-button-link elementor-size-sm\" href=\"https:\/\/vamor.hu\/?page_id=111\">\n\t\t\t\t\t\t<span class=\"elementor-button-content-wrapper\">\n\t\t\t\t\t\t\t\t\t<span class=\"elementor-button-text\">Elolvasom<\/span>\n\t\t\t\t\t<\/span>\n\t\t\t\t\t<\/a>\n\t\t\t\t<\/div>\n\t\t\t\t\t\t\t\t<\/div>\n\t\t\t\t<\/div>\n\t\t\t\t\t<\/div>\n\t\t<\/div>\n\t\t\t\t\t<\/div>\n\t\t<\/section>\n\t\t\t\t<div class=\"elementor-element elementor-element-48207d4 elementor-widget elementor-widget-spacer\" data-id=\"48207d4\" data-element_type=\"widget\" data-widget_type=\"spacer.default\">\n\t\t\t\t<div class=\"elementor-widget-container\">\n\t\t\t\t\t\t\t<div class=\"elementor-spacer\">\n\t\t\t<div class=\"elementor-spacer-inner\"><\/div>\n\t\t<\/div>\n\t\t\t\t\t\t<\/div>\n\t\t\t\t<\/div>\n\t\t\t\t\t<\/div>\n\t\t<\/div>\n\t\t\t\t\t<\/div>\n\t\t<\/section>\n\t\t\t\t<section class=\"elementor-section elementor-top-section elementor-element elementor-element-ccdd376 elementor-section-boxed elementor-section-height-default elementor-section-height-default\" data-id=\"ccdd376\" data-element_type=\"section\" data-settings=\"{&quot;background_background&quot;:&quot;classic&quot;}\">\n\t\t\t\t\t\t<div class=\"elementor-container elementor-column-gap-default\">\n\t\t\t\t\t<div class=\"elementor-column elementor-col-100 elementor-top-column elementor-element elementor-element-b61169e\" data-id=\"b61169e\" data-element_type=\"column\">\n\t\t\t<div class=\"elementor-widget-wrap elementor-element-populated\">\n\t\t\t\t\t\t<div class=\"elementor-element elementor-element-4fb92fb elementor-widget elementor-widget-heading\" data-id=\"4fb92fb\" data-element_type=\"widget\" data-widget_type=\"heading.default\">\n\t\t\t\t<div class=\"elementor-widget-container\">\n\t\t\t\t\t<h2 class=\"elementor-heading-title elementor-size-default\">Tan\u00e1csad\u00e1sra van sz\u00fcks\u00e9ge?<\/h2>\t\t\t\t<\/div>\n\t\t\t\t<\/div>\n\t\t\t\t<div class=\"elementor-element elementor-element-b628812 elementor-widget elementor-widget-text-editor\" data-id=\"b628812\" data-element_type=\"widget\" data-widget_type=\"text-editor.default\">\n\t\t\t\t<div class=\"elementor-widget-container\">\n\t\t\t\t\t\t\t\t\t<div class=\"cta-content\"><p>Vegye fel szak\u00e9t\u0151inkkel a kapcsoaltot, hogy min\u00e9l hamarabb seg\u00edteni tudjunk \u00d6nnek. K\u00e9rj\u00fck, t\u00f6ltse ki az al\u00e1bbi \u0171rlapot.<\/p><\/div>\t\t\t\t\t\t\t\t<\/div>\n\t\t\t\t<\/div>\n\t\t\t\t<div class=\"elementor-element elementor-element-8250d89 elementor-align-center elementor-widget elementor-widget-button\" data-id=\"8250d89\" data-element_type=\"widget\" data-widget_type=\"button.default\">\n\t\t\t\t<div class=\"elementor-widget-container\">\n\t\t\t\t\t\t\t\t\t<div class=\"elementor-button-wrapper\">\n\t\t\t\t\t<a class=\"elementor-button elementor-button-link elementor-size-sm\" href=\"https:\/\/vamor.hu\/?page_id=70\">\n\t\t\t\t\t\t<span class=\"elementor-button-content-wrapper\">\n\t\t\t\t\t\t\t\t\t<span class=\"elementor-button-text\">Aj\u00e1nlatk\u00e9r\u00e9s<\/span>\n\t\t\t\t\t<\/span>\n\t\t\t\t\t<\/a>\n\t\t\t\t<\/div>\n\t\t\t\t\t\t\t\t<\/div>\n\t\t\t\t<\/div>\n\t\t\t\t\t<\/div>\n\t\t<\/div>\n\t\t\t\t\t<\/div>\n\t\t<\/section>\n\t\t\t\t<\/div>\n\t\t","protected":false},"excerpt":{"rendered":"<p>Esettanulm\u00e1nyok K\u00f6rnyezetv\u00e9delmi term\u00e9kd\u00edj Teljes k\u00f6rnyezetv\u00e9delmi term\u00e9kd\u00edj rendszerkialak\u00edt\u00e1s egy gy\u00e1rt\u00f3 c\u00e9gn\u00e9l Elolvasom Energia v\u00e1mkezel\u00e9s Hat\u00f3s\u00e1gi felsz\u00f3l\u00edt\u00e1s! Energia v\u00e1mkezel\u00e9s ut\u00f3lagos \u00e9s folyamatos \u00fcgyint\u00e9z\u00e9se Elolvasom INTRASTAT Beszerz\u00e9si probl\u00e9ma elh\u00e1r\u00edt\u00e1sa INTRASTAT jelent\u00e9ssel Elolvasom Tan\u00e1csad\u00e1sra van sz\u00fcks\u00e9ge? Vegye fel szak\u00e9t\u0151inkkel a kapcsoaltot, hogy min\u00e9l hamarabb seg\u00edteni tudjunk \u00d6nnek. K\u00e9rj\u00fck, t\u00f6ltse ki az al\u00e1bbi \u0171rlapot. Aj\u00e1nlatk\u00e9r\u00e9s<\/p>\n","protected":false},"author":1,"featured_media":0,"parent":0,"menu_order":0,"comment_status":"closed","ping_status":"closed","template":"elementor_header_footer","meta":{"_eb_attr":"","footnotes":""},"class_list":["post-66","page","type-page","status-publish","hentry"],"_links":{"self":[{"href":"https:\/\/vamor.hu\/index.php?rest_route=\/wp\/v2\/pages\/66"}],"collection":[{"href":"https:\/\/vamor.hu\/index.php?rest_route=\/wp\/v2\/pages"}],"about":[{"href":"https:\/\/vamor.hu\/index.php?rest_route=\/wp\/v2\/types\/page"}],"author":[{"embeddable":true,"href":"https:\/\/vamor.hu\/index.php?rest_route=\/wp\/v2\/users\/1"}],"replies":[{"embeddable":true,"href":"https:\/\/vamor.hu\/index.php?rest_route=%2Fwp%2Fv2%2Fcomments&post=66"}],"version-history":[{"count":18,"href":"https:\/\/vamor.hu\/index.php?rest_route=\/wp\/v2\/pages\/66\/revisions"}],"predecessor-version":[{"id":4713,"href":"https:\/\/vamor.hu\/index.php?rest_route=\/wp\/v2\/pages\/66\/revisions\/4713"}],"wp:attachment":[{"href":"https:\/\/vamor.hu\/index.php?rest_route=%2Fwp%2Fv2%2Fmedia&parent=66"}],"curies":[{"name":"wp","href":"https:\/\/api.w.org\/{rel}","templated":true}]}}